{"id":77,"date":"2025-09-03T13:03:59","date_gmt":"2025-09-03T11:03:59","guid":{"rendered":"http:\/\/151.80.18.46\/?page_id=77"},"modified":"2025-09-23T15:01:06","modified_gmt":"2025-09-23T13:01:06","slug":"a-propos","status":"publish","type":"page","link":"https:\/\/www.zigzart.fr\/?page_id=77","title":{"rendered":"A propos"},"content":{"rendered":"\n<p>Zigzart.fr avance en zigzag entre Lyon et Chamb\u00e9ry, Clermont-Ferrand et Chamonix, Annecy et Valence. Zigzart.fr a \u00e9t\u00e9 cr\u00e9\u00e9 par Jacques Leleu et Jean-Fran\u00e7ois Martinon pour parler des arts vivants, des arts visuels, de l\u2019art de vivre dans notre r\u00e9gion. Suivez-les au gr\u00e9 de leurs envies, de leurs d\u00e9couvertes, de leurs rencontres.<\/p>\n\n\n\n<p>Sur zigzart.fr, seuls le plaisir, l\u2019\u00e9motion et la beaut\u00e9 comptent. Le temps d\u2019une pi\u00e8ce de th\u00e9\u00e2tre, d\u2019un bon repas, d\u2019une visite d\u2019expo ou de mus\u00e9e, d\u2019une randonn\u00e9e p\u00e9destre ou d\u2019une journ\u00e9e de ski, d\u2019un concert ou d\u2019un moment pass\u00e9 avec un \u00e9crivain.<\/p>\n\n\n\n<p><\/p>\n","protected":false},"excerpt":{"rendered":"<p>Zigzart.fr avance en zigzag entre Lyon et Chamb\u00e9ry, Clermont-Ferrand et Chamonix, Annecy et Valence. Zigzart.fr a \u00e9t\u00e9 cr\u00e9\u00e9 par Jacques [&hellip;]<\/p>\n","protected":false},"author":1,"featured_media":0,"parent":0,"menu_order":0,"comment_status":"closed","ping_status":"closed","template":"","meta":{"site-sidebar-layout":"default","site-content-layout":"","ast-site-content-layout":"default","site-content-style":"default","site-sidebar-style":"default","ast-global-header-display":"","ast-banner-title-visibility":"","ast-main-header-display":"","ast-hfb-above-header-display":"","ast-hfb-below-header-display":"","ast-hfb-mobile-header-display":"","site-post-title":"","ast-breadcrumbs-content":"","ast-featured-img":"","footer-sml-layout":"","theme-transparent-header-meta":"","adv-header-id-meta":"","stick-header-meta":"","header-above-stick-meta":"","header-main-stick-meta":"","header-below-stick-meta":"","astra-migrate-meta-layouts":"default","ast-page-background-enabled":"default","ast-page-background-meta":{"desktop":{"background-color":"var(--ast-global-color-5)","background-image":"","background-repeat":"repeat","background-position":"center center","background-size":"auto","background-attachment":"scroll","background-type":"","background-media":"","overlay-type":"","overlay-color":"","overlay-opacity":"","overlay-gradient":""},"tablet":{"background-color":"","background-image":"","background-repeat":"repeat","background-position":"center center","background-size":"auto","background-attachment":"scroll","background-type":"","background-media":"","overlay-type":"","overlay-color":"","overlay-opacity":"","overlay-gradient":""},"mobile":{"background-color":"","background-image":"","background-repeat":"repeat","background-position":"center center","background-size":"auto","background-attachment":"scroll","background-type":"","background-media":"","overlay-type":"","overlay-color":"","overlay-opacity":"","overlay-gradient":""}},"ast-content-background-meta":{"desktop":{"background-color":"var(--ast-global-color-4)","background-image":"","background-repeat":"repeat","background-position":"center center","background-size":"auto","background-attachment":"scroll","background-type":"","background-media":"","overlay-type":"","overlay-color":"","overlay-opacity":"","overlay-gradient":""},"tablet":{"background-color":"var(--ast-global-color-4)","background-image":"","background-repeat":"repeat","background-position":"center center","background-size":"auto","background-attachment":"scroll","background-type":"","background-media":"","overlay-type":"","overlay-color":"","overlay-opacity":"","overlay-gradient":""},"mobile":{"background-color":"var(--ast-global-color-4)","background-image":"","background-repeat":"repeat","background-position":"center center","background-size":"auto","background-attachment":"scroll","background-type":"","background-media":"","overlay-type":"","overlay-color":"","overlay-opacity":"","overlay-gradient":""}},"footnotes":""},"class_list":["post-77","page","type-page","status-publish","hentry"],"_links":{"self":[{"href":"https:\/\/www.zigzart.fr\/index.php?rest_route=\/wp\/v2\/pages\/77","targetHints":{"allow":["GET"]}}],"collection":[{"href":"https:\/\/www.zigzart.fr\/index.php?rest_route=\/wp\/v2\/pages"}],"about":[{"href":"https:\/\/www.zigzart.fr\/index.php?rest_route=\/wp\/v2\/types\/page"}],"author":[{"embeddable":true,"href":"https:\/\/www.zigzart.fr\/index.php?rest_route=\/wp\/v2\/users\/1"}],"replies":[{"embeddable":true,"href":"https:\/\/www.zigzart.fr\/index.php?rest_route=%2Fwp%2Fv2%2Fcomments&post=77"}],"version-history":[{"count":3,"href":"https:\/\/www.zigzart.fr\/index.php?rest_route=\/wp\/v2\/pages\/77\/revisions"}],"predecessor-version":[{"id":245,"href":"https:\/\/www.zigzart.fr\/index.php?rest_route=\/wp\/v2\/pages\/77\/revisions\/245"}],"wp:attachment":[{"href":"https:\/\/www.zigzart.fr\/index.php?rest_route=%2Fwp%2Fv2%2Fmedia&parent=77"}],"curies":[{"name":"wp","href":"https:\/\/api.w.org\/{rel}","templated":true}]}}