{"id":79,"date":"2025-09-03T13:05:29","date_gmt":"2025-09-03T11:05:29","guid":{"rendered":"http:\/\/151.80.18.46\/?page_id=79"},"modified":"2025-11-03T21:54:46","modified_gmt":"2025-11-03T20:54:46","slug":"lequipe","status":"publish","type":"page","link":"https:\/\/www.zigzart.fr\/?page_id=79","title":{"rendered":"L&rsquo;\u00e9quipe"},"content":{"rendered":"\n<p><\/p>\n\n\n\n<div class=\"wp-block-media-text is-stacked-on-mobile is-vertically-aligned-top\" style=\"grid-template-columns:18% auto\"><figure class=\"wp-block-media-text__media\"><img loading=\"lazy\" decoding=\"async\" width=\"853\" height=\"1280\" src=\"https:\/\/www.zigzart.fr\/wp-content\/uploads\/2025\/11\/Jacques-Leleu.jpeg\" alt=\"Jacques-Leleu\" class=\"wp-image-564 size-full\"\/><\/figure><div class=\"wp-block-media-text__content\">\n<p><strong>Jacques Leleu<\/strong> vit en Savoie. Il a longtemps \u00e9t\u00e9 reporter au Dauphin\u00e9 Lib\u00e9r\u00e9 et Alpes-Loisirs o\u00f9 il \u00e9tait notamment charg\u00e9 des rubriques montagne et culture. Il a ensuite collabor\u00e9 au site auraone.fr o\u00f9 il pr\u00e9sentait les rendez-vous culturels en Savoie, Haute-Savoie et Is\u00e8re.<\/p>\n\n\n\n<p>Il aime lire, \u00e9crire, aller au spectacle, visiter expos et mus\u00e9es, pratiquer la randonn\u00e9e \u00e0 pied ou \u00e0 skis, le kayak, dormir chez lui, sous tente ou en refuge.<\/p>\n\n\n\n<p><\/p>\n<\/div><\/div>\n\n\n\n<hr class=\"wp-block-separator has-alpha-channel-opacity\"\/>\n\n\n\n<div class=\"wp-block-media-text is-stacked-on-mobile\" style=\"grid-template-columns:18% auto\"><figure class=\"wp-block-media-text__media\"><img loading=\"lazy\" decoding=\"async\" width=\"500\" height=\"667\" src=\"https:\/\/www.zigzart.fr\/wp-content\/uploads\/2025\/10\/JF_M.png\" alt=\"JF M\" class=\"wp-image-335 size-full\"\/><\/figure><div class=\"wp-block-media-text__content\">\n<p><strong>Jean-Fran\u00e7ois Martinon<\/strong> vit \u00e0 Lyon. Ancien professeur, il est passionn\u00e9 de cin\u00e9ma et de photo. Deux rubriques qu\u2019il a tenues sur le site auraone.fr.<\/p>\n\n\n\n<p>Il conna\u00eet Lyon comme sa poche \u00e0 force de parcourir la ville \u00e0 pied et de guetter la moindre expo ou le dernier film projet\u00e9. Gourmand, gourmet, il est aussi intarissable sur les bonnes adresses qu\u2019il adore faire partager.<\/p>\n\n\n\n<p><\/p>\n<\/div><\/div>\n\n\n\n<hr class=\"wp-block-separator has-alpha-channel-opacity\"\/>\n\n\n\n<div class=\"wp-block-media-text is-stacked-on-mobile\" style=\"grid-template-columns:18% auto\"><figure class=\"wp-block-media-text__media\"><img loading=\"lazy\" decoding=\"async\" width=\"1080\" height=\"1440\" src=\"https:\/\/www.zigzart.fr\/wp-content\/uploads\/2025\/10\/1000057194.jpg\" alt=\"Photographe Malou\" class=\"wp-image-439 size-full\"\/><\/figure><div class=\"wp-block-media-text__content\">\n<p><strong>Malou<\/strong> vit \u00e0 Chamb\u00e9ry. Photographe professionnel, il nous propose chaque semaine une photo de son choix.<\/p>\n\n\n\n<p><\/p>\n\n\n\n<p><\/p>\n<\/div><\/div>\n\n\n\n<p><\/p>\n\n\n\n<hr class=\"wp-block-separator has-alpha-channel-opacity\"\/>\n\n\n\n<div class=\"wp-block-media-text is-stacked-on-mobile\" style=\"grid-template-columns:18% auto\"><figure class=\"wp-block-media-text__media\"><img loading=\"lazy\" decoding=\"async\" width=\"1609\" height=\"2149\" src=\"https:\/\/www.zigzart.fr\/wp-content\/uploads\/2025\/10\/IMG_5323.jpeg\" alt=\"\" class=\"wp-image-449 size-full\"\/><\/figure><div class=\"wp-block-media-text__content\">\n<p><strong>Trina Mounier<\/strong> vit \u00e0 Lyon. Passionn\u00e9e de th\u00e9\u00e2tre comme art vivant et d\u2019\u00e9criture, elle a fait de la critique de th\u00e9\u00e2tre son m\u00e9tier et collabore depuis longtemps \u00e0 divers supports (<a href=\"https:\/\/www.instagram.com\/arkuchi\/\">ArKuchi <\/a>principalement) \u00e0 ce titre. <\/p>\n\n\n\n<p><\/p>\n\n\n\n<p><\/p>\n<\/div><\/div>\n\n\n\n<hr class=\"wp-block-separator has-alpha-channel-opacity\"\/>\n\n\n\n<div class=\"wp-block-media-text is-stacked-on-mobile\" style=\"grid-template-columns:18% auto\"><figure class=\"wp-block-media-text__media\"><img loading=\"lazy\" decoding=\"async\" width=\"1536\" height=\"2048\" src=\"https:\/\/www.zigzart.fr\/wp-content\/uploads\/2025\/10\/Photo-Ge\u0301rard-Maurin-2023.jpeg\" alt=\"Ge\u0301rard Maurin\" class=\"wp-image-480 size-full\"\/><\/figure><div class=\"wp-block-media-text__content\">\n<p><strong>Didier Venturini<\/strong> vit \u00e0 Chamb\u00e9ry. Auteur-compositeur-interpr\u00eate, il est charg\u00e9 de la rubrique chanson fran\u00e7aise.<\/p>\n\n\n\n<p><em>Cr\u00e9dit photo : G\u00e9rard Maurin<\/em><\/p>\n\n\n\n<p><\/p>\n<\/div><\/div>\n\n\n\n<hr class=\"wp-block-separator has-alpha-channel-opacity\"\/>\n\n\n\n<div class=\"wp-block-media-text is-stacked-on-mobile\" style=\"grid-template-columns:18% auto\"><figure class=\"wp-block-media-text__media\"><img loading=\"lazy\" decoding=\"async\" width=\"640\" height=\"480\" src=\"https:\/\/www.zigzart.fr\/wp-content\/uploads\/2025\/11\/GUEST.jpeg\" alt=\"\" class=\"wp-image-563 size-full\"\/><\/figure><div class=\"wp-block-media-text__content\">\n<p><strong>Claude Guest<\/strong> vit \u00e0 Chamb\u00e9ry. Passionn\u00e9 de lecture, il livre ses coups de c\u0153ur et ses portraits d\u2019auteurs.<\/p>\n\n\n\n<p><\/p>\n\n\n\n<p><\/p>\n<\/div><\/div>\n\n\n\n<hr class=\"wp-block-separator has-alpha-channel-opacity\"\/>\n\n\n\n<ul class=\"wp-block-list\">\n<li><strong>Fed Moul\u00e9,<\/strong> vit dans la r\u00e9gion parisienne. Il a con\u00e7u le site dont il est responsable technique.<\/li>\n<\/ul>\n\n\n\n<ul class=\"wp-block-list\">\n<li><strong>Ga\u00ebl Lebreton<\/strong>, vit en Afrique du Sud. Membre d\u2019honneur, il est responsable du visuel du site.<\/li>\n<\/ul>\n\n\n\n<p><\/p>\n","protected":false},"excerpt":{"rendered":"<p>Jacques Leleu vit en Savoie. Il a longtemps \u00e9t\u00e9 reporter au Dauphin\u00e9 Lib\u00e9r\u00e9 et Alpes-Loisirs o\u00f9 il \u00e9tait notamment charg\u00e9 [&hellip;]<\/p>\n","protected":false},"author":1,"featured_media":0,"parent":0,"menu_order":0,"comment_status":"closed","ping_status":"closed","template":"","meta":{"site-sidebar-layout":"default","site-content-layout":"","ast-site-content-layout":"default","site-content-style":"default","site-sidebar-style":"default","ast-global-header-display":"","ast-banner-title-visibility":"","ast-main-header-display":"","ast-hfb-above-header-display":"","ast-hfb-below-header-display":"","ast-hfb-mobile-header-display":"","site-post-title":"","ast-breadcrumbs-content":"","ast-featured-img":"","footer-sml-layout":"","theme-transparent-header-meta":"","adv-header-id-meta":"","stick-header-meta":"","header-above-stick-meta":"","header-main-stick-meta":"","header-below-stick-meta":"","astra-migrate-meta-layouts":"default","ast-page-background-enabled":"default","ast-page-background-meta":{"desktop":{"background-color":"var(--ast-global-color-5)","background-image":"","background-repeat":"repeat","background-position":"center center","background-size":"auto","background-attachment":"scroll","background-type":"","background-media":"","overlay-type":"","overlay-color":"","overlay-opacity":"","overlay-gradient":""},"tablet":{"background-color":"","background-image":"","background-repeat":"repeat","background-position":"center center","background-size":"auto","background-attachment":"scroll","background-type":"","background-media":"","overlay-type":"","overlay-color":"","overlay-opacity":"","overlay-gradient":""},"mobile":{"background-color":"","background-image":"","background-repeat":"repeat","background-position":"center center","background-size":"auto","background-attachment":"scroll","background-type":"","background-media":"","overlay-type":"","overlay-color":"","overlay-opacity":"","overlay-gradient":""}},"ast-content-background-meta":{"desktop":{"background-color":"var(--ast-global-color-4)","background-image":"","background-repeat":"repeat","background-position":"center center","background-size":"auto","background-attachment":"scroll","background-type":"","background-media":"","overlay-type":"","overlay-color":"","overlay-opacity":"","overlay-gradient":""},"tablet":{"background-color":"var(--ast-global-color-4)","background-image":"","background-repeat":"repeat","background-position":"center center","background-size":"auto","background-attachment":"scroll","background-type":"","background-media":"","overlay-type":"","overlay-color":"","overlay-opacity":"","overlay-gradient":""},"mobile":{"background-color":"var(--ast-global-color-4)","background-image":"","background-repeat":"repeat","background-position":"center center","background-size":"auto","background-attachment":"scroll","background-type":"","background-media":"","overlay-type":"","overlay-color":"","overlay-opacity":"","overlay-gradient":""}},"footnotes":""},"class_list":["post-79","page","type-page","status-publish","hentry"],"_links":{"self":[{"href":"https:\/\/www.zigzart.fr\/index.php?rest_route=\/wp\/v2\/pages\/79","targetHints":{"allow":["GET"]}}],"collection":[{"href":"https:\/\/www.zigzart.fr\/index.php?rest_route=\/wp\/v2\/pages"}],"about":[{"href":"https:\/\/www.zigzart.fr\/index.php?rest_route=\/wp\/v2\/types\/page"}],"author":[{"embeddable":true,"href":"https:\/\/www.zigzart.fr\/index.php?rest_route=\/wp\/v2\/users\/1"}],"replies":[{"embeddable":true,"href":"https:\/\/www.zigzart.fr\/index.php?rest_route=%2Fwp%2Fv2%2Fcomments&post=79"}],"version-history":[{"count":18,"href":"https:\/\/www.zigzart.fr\/index.php?rest_route=\/wp\/v2\/pages\/79\/revisions"}],"predecessor-version":[{"id":567,"href":"https:\/\/www.zigzart.fr\/index.php?rest_route=\/wp\/v2\/pages\/79\/revisions\/567"}],"wp:attachment":[{"href":"https:\/\/www.zigzart.fr\/index.php?rest_route=%2Fwp%2Fv2%2Fmedia&parent=79"}],"curies":[{"name":"wp","href":"https:\/\/api.w.org\/{rel}","templated":true}]}}